{"id":1072,"date":"2025-09-11T14:28:05","date_gmt":"2025-09-11T12:28:05","guid":{"rendered":"https:\/\/cortebaruzzo.it\/startseite\/"},"modified":"2025-10-01T17:59:03","modified_gmt":"2025-10-01T15:59:03","slug":"startseite","status":"publish","type":"page","link":"https:\/\/cortebaruzzo.it\/de\/","title":{"rendered":"Startseite"},"content":{"rendered":"\t\t<div data-elementor-type=\"wp-page\" data-elementor-id=\"1072\" class=\"elementor elementor-1072 elementor-2\" data-elementor-post-type=\"page\">\n\t\t\t\t<div class=\"elementor-element elementor-element-e857be8 e-flex e-con-boxed e-con e-parent\" data-id=\"e857be8\" data-element_type=\"container\" data-settings=\"{&quot;background_background&quot;:&quot;video&quot;,&quot;background_video_link&quot;:&quot;https:\\\/\\\/youtu.be\\\/S0IHqPib1qA&quot;,&quot;background_play_on_mobile&quot;:&quot;yes&quot;}\">\n\t\t\t\t\t<div class=\"e-con-inner\">\n\t\t<div class=\"elementor-background-video-container\" aria-hidden=\"true\">\n\t\t\t\t\t\t\t<div class=\"elementor-background-video-embed\"><\/div>\n\t\t\t\t\t\t<\/div>\t\t<div class=\"elementor-element elementor-element-20153649 elementor-widget__width-inherit elementor-invisible elementor-widget elementor-widget-heading\" data-id=\"20153649\" data-element_type=\"widget\" data-settings=\"{&quot;_animation&quot;:&quot;fadeIn&quot;,&quot;_animation_delay&quot;:200}\" data-widget_type=\"heading.default\">\n\t\t\t\t\t<h1 class=\"elementor-heading-title elementor-size-default\">Wo die Zeit zwischen Olivenb\u00e4umen <br>und alten Steinen ruht.<\/h1>\t\t\t\t<\/div>\n\t\t\t\t<div class=\"elementor-element elementor-element-4f4f59fc elementor-widget__width-inherit elementor-invisible elementor-widget elementor-widget-text-editor\" data-id=\"4f4f59fc\" data-element_type=\"widget\" data-settings=\"{&quot;_animation&quot;:&quot;fadeIn&quot;,&quot;_animation_delay&quot;:400}\" data-widget_type=\"text-editor.default\">\n\t\t\t\t\t\t\t\t\t<p>Corte Baruzzo ist mehr als eine Residenz: Es ist der Atem der Erde, die Eleganz der Geschichte, <br>die Stille der Landschaft, die noch zu erz\u00e4hlen wei\u00df.<\/p>\t\t\t\t\t\t\t\t<\/div>\n\t\t\t\t\t<\/div>\n\t\t\t\t<\/div>\n\t\t<div class=\"elementor-element elementor-element-1511704d e-flex e-con-boxed e-con e-parent\" data-id=\"1511704d\" data-element_type=\"container\" data-settings=\"{&quot;background_background&quot;:&quot;classic&quot;}\">\n\t\t\t\t\t<div class=\"e-con-inner\">\n\t\t\t\t<div class=\"elementor-element elementor-element-67fbac1 elementor-invisible elementor-widget elementor-widget-heading\" data-id=\"67fbac1\" data-element_type=\"widget\" data-settings=\"{&quot;_animation&quot;:&quot;fadeIn&quot;,&quot;_animation_delay&quot;:200}\" data-widget_type=\"heading.default\">\n\t\t\t\t\t<h2 class=\"elementor-heading-title elementor-size-default\">Ein alter Name,<br>zwischen Steinmauern<br>und zeitlosen H\u00fcgeln.<\/h2>\t\t\t\t<\/div>\n\t\t<div class=\"elementor-element elementor-element-1c0b98c8 e-con-full e-flex e-con e-child\" data-id=\"1c0b98c8\" data-element_type=\"container\">\n\t\t\t\t<div class=\"elementor-element elementor-element-9be952 elementor-invisible elementor-widget elementor-widget-text-editor\" data-id=\"9be952\" data-element_type=\"widget\" data-settings=\"{&quot;_animation&quot;:&quot;fadeIn&quot;,&quot;_animation_delay&quot;:400}\" data-widget_type=\"text-editor.default\">\n\t\t\t\t\t\t\t\t\t<p>Die Urspr\u00fcnge von Corte Baruzzo gehen auf das 15. Jahrhundert zur\u00fcck, als es zu den Besitzt\u00fcmern der Gonzaga in Volta Mantovana geh\u00f6rte. Seit dem 18. Jahrhundert verfolgen wir seine Spuren in historischen Dokumenten: ein gesch\u00e4ftiger Bauernhof zwischen Zypressen und Eichen.<\/p><p>Im 20. Jahrhundert erstreckte sich das Anwesen \u00fcber mehr als 15 Hektar, umgeben von einer Mauer, auf der Kapern wuchsen, und von Olivenb\u00e4umen umringt. Das Geb\u00e4ude \u2013 Wohnhaus, Stall, Scheune, Arkaden und Taubenturm \u2013 wurde aus Mor\u00e4nenkieseln errichtet, mit Holzd\u00e4chern und alten Gew\u00f6lben.<\/p><p>Heute wird Corte Baruzzo neu geboren, zwischen Erinnerung und Vision: ein Ort, der seine l\u00e4ndliche Seele bewahrt und sie mit Eleganz und Authentizit\u00e4t in die Zukunft f\u00fchrt.<\/p>\t\t\t\t\t\t\t\t<\/div>\n\t\t\t\t<\/div>\n\t\t\t\t\t<\/div>\n\t\t\t\t<\/div>\n\t\t<div class=\"elementor-element elementor-element-68c8da3 animated-slow e-flex e-con-boxed elementor-invisible e-con e-parent\" data-id=\"68c8da3\" data-element_type=\"container\" data-settings=\"{&quot;background_background&quot;:&quot;classic&quot;,&quot;animation&quot;:&quot;zoomIn&quot;}\">\n\t\t\t\t\t<div class=\"e-con-inner\">\n\t\t\t\t<div class=\"elementor-element elementor-element-d758e20 elementor-widget elementor-widget-spacer\" data-id=\"d758e20\" data-element_type=\"widget\" data-widget_type=\"spacer.default\">\n\t\t\t\t\t\t\t<div class=\"elementor-spacer\">\n\t\t\t<div class=\"elementor-spacer-inner\"><\/div>\n\t\t<\/div>\n\t\t\t\t\t\t<\/div>\n\t\t\t\t\t<\/div>\n\t\t\t\t<\/div>\n\t\t<div class=\"elementor-element elementor-element-16ca04e e-flex e-con-boxed e-con e-parent\" data-id=\"16ca04e\" data-element_type=\"container\" data-settings=\"{&quot;background_background&quot;:&quot;classic&quot;}\">\n\t\t\t\t\t<div class=\"e-con-inner\">\n\t\t\t\t<div class=\"elementor-element elementor-element-75f10a3 elementor-widget elementor-widget-image\" data-id=\"75f10a3\" data-element_type=\"widget\" data-widget_type=\"image.default\">\n\t\t\t\t\t\t\t\t\t\t\t\t\t\t\t<img fetchpriority=\"high\" decoding=\"async\" width=\"441\" height=\"203\" src=\"https:\/\/cortebaruzzo.it\/wp-content\/uploads\/2025\/09\/boschetto.png\" class=\"attachment-large size-large wp-image-1056\" alt=\"\" srcset=\"https:\/\/cortebaruzzo.it\/wp-content\/uploads\/2025\/09\/boschetto.png 441w, https:\/\/cortebaruzzo.it\/wp-content\/uploads\/2025\/09\/boschetto-300x138.png 300w\" sizes=\"(max-width: 441px) 100vw, 441px\" \/>\t\t\t\t\t\t\t\t\t\t\t\t\t\t\t<\/div>\n\t\t\t\t<div class=\"elementor-element elementor-element-1156110b elementor-invisible elementor-widget elementor-widget-heading\" data-id=\"1156110b\" data-element_type=\"widget\" data-settings=\"{&quot;_animation&quot;:&quot;fadeIn&quot;,&quot;_animation_delay&quot;:200}\" data-widget_type=\"heading.default\">\n\t\t\t\t\t<h2 class=\"elementor-heading-title elementor-size-default\">In einem kostbaren Land, auf den Mor\u00e4nenh\u00fcgeln des Gardasees, ein Ort, um unvergessliche Momente zu verbringen<\/h2>\t\t\t\t<\/div>\n\t\t\t\t<div class=\"elementor-element elementor-element-33cfe52d elementor-invisible elementor-widget elementor-widget-text-editor\" data-id=\"33cfe52d\" data-element_type=\"widget\" data-settings=\"{&quot;_animation&quot;:&quot;fadeIn&quot;,&quot;_animation_delay&quot;:400}\" data-widget_type=\"text-editor.default\">\n\t\t\t\t\t\t\t\t\t<p>Das Hotel Corte Baruzzo hei\u00dft dich mit 16 Zimmern, gro\u00dfz\u00fcgigen Gemeinschaftsr\u00e4umen, einem ganzj\u00e4hrig ge\u00f6ffneten Pool und Bereichen willkommen, die f\u00fcr diejenigen konzipiert sind, die Sch\u00f6nheit, Ausgewogenheit und Einfachheit suchen.<\/p>\t\t\t\t\t\t\t\t<\/div>\n\t\t\t\t\t<\/div>\n\t\t\t\t<\/div>\n\t\t<div class=\"elementor-element elementor-element-2d1108d e-con-full e-flex e-con e-parent\" data-id=\"2d1108d\" data-element_type=\"container\">\n\t\t\t\t<div class=\"elementor-element elementor-element-a6c90e4 elementor-arrows-position-inside elementor-widget elementor-widget-image-carousel\" data-id=\"a6c90e4\" data-element_type=\"widget\" data-settings=\"{&quot;slides_to_show&quot;:&quot;5&quot;,&quot;navigation&quot;:&quot;arrows&quot;,&quot;autoplay&quot;:&quot;yes&quot;,&quot;pause_on_hover&quot;:&quot;yes&quot;,&quot;pause_on_interaction&quot;:&quot;yes&quot;,&quot;autoplay_speed&quot;:5000,&quot;infinite&quot;:&quot;yes&quot;,&quot;speed&quot;:500}\" data-widget_type=\"image-carousel.default\">\n\t\t\t\t\t\t\t<div class=\"elementor-image-carousel-wrapper swiper\" role=\"region\" aria-roledescription=\"carousel\" aria-label=\"Carosello d&#039;immagini\" dir=\"ltr\">\n\t\t\t<div class=\"elementor-image-carousel swiper-wrapper\" aria-live=\"off\">\n\t\t\t\t\t\t\t\t<div class=\"swiper-slide\" role=\"group\" aria-roledescription=\"slide\" aria-label=\"1 von 17\"><a data-elementor-open-lightbox=\"yes\" data-elementor-lightbox-slideshow=\"a6c90e4\" data-e-action-hash=\"#elementor-action%3Aaction%3Dlightbox%26settings%3DeyJpZCI6OTk4LCJ1cmwiOiJodHRwczpcL1wvY29ydGViYXJ1enpvLml0XC93cC1jb250ZW50XC91cGxvYWRzXC8yMDI1XC8wOVwvMTgucG5nIiwic2xpZGVzaG93IjoiYTZjOTBlNCJ9\" href=\"https:\/\/cortebaruzzo.it\/wp-content\/uploads\/2025\/09\/18.png\"><figure class=\"swiper-slide-inner\"><img decoding=\"async\" class=\"swiper-slide-image\" src=\"https:\/\/cortebaruzzo.it\/wp-content\/uploads\/elementor\/thumbs\/18-rbn1bpljgs0gd2h7huatsjav24498zjbxwf9i8octc.png\" alt=\"\" \/><\/figure><\/a><\/div><div class=\"swiper-slide\" role=\"group\" aria-roledescription=\"slide\" aria-label=\"2 von 17\"><a data-elementor-open-lightbox=\"yes\" data-elementor-lightbox-slideshow=\"a6c90e4\" data-elementor-lightbox-title=\"Descrizione camera\" data-e-action-hash=\"#elementor-action%3Aaction%3Dlightbox%26settings%3DeyJpZCI6MTA1NywidXJsIjoiaHR0cHM6XC9cL2NvcnRlYmFydXp6by5pdFwvd3AtY29udGVudFwvdXBsb2Fkc1wvMjAyNVwvMDlcLzIucG5nIiwic2xpZGVzaG93IjoiYTZjOTBlNCJ9\" href=\"https:\/\/cortebaruzzo.it\/wp-content\/uploads\/2025\/09\/2.png\"><figure class=\"swiper-slide-inner\"><img decoding=\"async\" class=\"swiper-slide-image\" src=\"https:\/\/cortebaruzzo.it\/wp-content\/uploads\/elementor\/thumbs\/2-rbn1bbhym9h5ix1os67f94uy5c1r1izcvymzb399eo.png\" alt=\"Descrizione camera\" \/><\/figure><\/a><\/div><div class=\"swiper-slide\" role=\"group\" aria-roledescription=\"slide\" aria-label=\"3 von 17\"><a data-elementor-open-lightbox=\"yes\" data-elementor-lightbox-slideshow=\"a6c90e4\" data-elementor-lightbox-title=\"Descrizione camera\" data-e-action-hash=\"#elementor-action%3Aaction%3Dlightbox%26settings%3DeyJpZCI6MTA1OCwidXJsIjoiaHR0cHM6XC9cL2NvcnRlYmFydXp6by5pdFwvd3AtY29udGVudFwvdXBsb2Fkc1wvMjAyNVwvMDlcLzMucG5nIiwic2xpZGVzaG93IjoiYTZjOTBlNCJ9\" href=\"https:\/\/cortebaruzzo.it\/wp-content\/uploads\/2025\/09\/3.png\"><figure class=\"swiper-slide-inner\"><img decoding=\"async\" class=\"swiper-slide-image\" src=\"https:\/\/cortebaruzzo.it\/wp-content\/uploads\/elementor\/thumbs\/3-rbn1bcfst3ifuj0bmom1tmmeqpx4983383agsd7v8g.png\" alt=\"Descrizione camera\" \/><\/figure><\/a><\/div><div class=\"swiper-slide\" role=\"group\" aria-roledescription=\"slide\" aria-label=\"4 von 17\"><a data-elementor-open-lightbox=\"yes\" data-elementor-lightbox-slideshow=\"a6c90e4\" data-elementor-lightbox-title=\"Descrizione camera\" data-e-action-hash=\"#elementor-action%3Aaction%3Dlightbox%26settings%3DeyJpZCI6MTA1OSwidXJsIjoiaHR0cHM6XC9cL2NvcnRlYmFydXp6by5pdFwvd3AtY29udGVudFwvdXBsb2Fkc1wvMjAyNVwvMDlcLzQucG5nIiwic2xpZGVzaG93IjoiYTZjOTBlNCJ9\" href=\"https:\/\/cortebaruzzo.it\/wp-content\/uploads\/2025\/09\/4.png\"><figure class=\"swiper-slide-inner\"><img decoding=\"async\" class=\"swiper-slide-image\" src=\"https:\/\/cortebaruzzo.it\/wp-content\/uploads\/elementor\/thumbs\/4-rbn1bddmzxjq64yyh70oe4dvc3shgx6tk7xy9n6h28.png\" alt=\"Descrizione camera\" \/><\/figure><\/a><\/div><div class=\"swiper-slide\" role=\"group\" aria-roledescription=\"slide\" aria-label=\"5 von 17\"><a data-elementor-open-lightbox=\"yes\" data-elementor-lightbox-slideshow=\"a6c90e4\" data-elementor-lightbox-title=\"Descrizione camera\" data-e-action-hash=\"#elementor-action%3Aaction%3Dlightbox%26settings%3DeyJpZCI6MTA2MCwidXJsIjoiaHR0cHM6XC9cL2NvcnRlYmFydXp6by5pdFwvd3AtY29udGVudFwvdXBsb2Fkc1wvMjAyNVwvMDlcLzUucG5nIiwic2xpZGVzaG93IjoiYTZjOTBlNCJ9\" href=\"https:\/\/cortebaruzzo.it\/wp-content\/uploads\/2025\/09\/5.png\"><figure class=\"swiper-slide-inner\"><img decoding=\"async\" class=\"swiper-slide-image\" src=\"https:\/\/cortebaruzzo.it\/wp-content\/uploads\/elementor\/thumbs\/5-rbn1bebh6rl0hqxlbpfaym5bxhnuomajwclfqx52w0.png\" alt=\"Descrizione camera\" \/><\/figure><\/a><\/div><div class=\"swiper-slide\" role=\"group\" aria-roledescription=\"slide\" aria-label=\"6 von 17\"><a data-elementor-open-lightbox=\"yes\" data-elementor-lightbox-slideshow=\"a6c90e4\" data-elementor-lightbox-title=\"Descrizione camera\" data-e-action-hash=\"#elementor-action%3Aaction%3Dlightbox%26settings%3DeyJpZCI6MTA2MSwidXJsIjoiaHR0cHM6XC9cL2NvcnRlYmFydXp6by5pdFwvd3AtY29udGVudFwvdXBsb2Fkc1wvMjAyNVwvMDlcLzYucG5nIiwic2xpZGVzaG93IjoiYTZjOTBlNCJ9\" href=\"https:\/\/cortebaruzzo.it\/wp-content\/uploads\/2025\/09\/6.png\"><figure class=\"swiper-slide-inner\"><img decoding=\"async\" class=\"swiper-slide-image\" src=\"https:\/\/cortebaruzzo.it\/wp-content\/uploads\/elementor\/thumbs\/6-rbn1bf9bdlmatcw867txj3wsivj7wbea8h8x873ops.png\" alt=\"Descrizione camera\" \/><\/figure><\/a><\/div><div class=\"swiper-slide\" role=\"group\" aria-roledescription=\"slide\" aria-label=\"7 von 17\"><a data-elementor-open-lightbox=\"yes\" data-elementor-lightbox-slideshow=\"a6c90e4\" data-elementor-lightbox-title=\"Descrizione camera\" data-e-action-hash=\"#elementor-action%3Aaction%3Dlightbox%26settings%3DeyJpZCI6MTA2MiwidXJsIjoiaHR0cHM6XC9cL2NvcnRlYmFydXp6by5pdFwvd3AtY29udGVudFwvdXBsb2Fkc1wvMjAyNVwvMDlcLzcucG5nIiwic2xpZGVzaG93IjoiYTZjOTBlNCJ9\" href=\"https:\/\/cortebaruzzo.it\/wp-content\/uploads\/2025\/09\/7.png\"><figure class=\"swiper-slide-inner\"><img decoding=\"async\" class=\"swiper-slide-image\" src=\"https:\/\/cortebaruzzo.it\/wp-content\/uploads\/elementor\/thumbs\/7-rbn1bg75kfnl4yuv0q8k3lo949el40i0klweph2ajk.png\" alt=\"Descrizione camera\" \/><\/figure><\/a><\/div><div class=\"swiper-slide\" role=\"group\" aria-roledescription=\"slide\" aria-label=\"8 von 17\"><a data-elementor-open-lightbox=\"yes\" data-elementor-lightbox-slideshow=\"a6c90e4\" data-elementor-lightbox-title=\"Descrizione camera\" data-e-action-hash=\"#elementor-action%3Aaction%3Dlightbox%26settings%3DeyJpZCI6MTA2MywidXJsIjoiaHR0cHM6XC9cL2NvcnRlYmFydXp6by5pdFwvd3AtY29udGVudFwvdXBsb2Fkc1wvMjAyNVwvMDlcLzgucG5nIiwic2xpZGVzaG93IjoiYTZjOTBlNCJ9\" href=\"https:\/\/cortebaruzzo.it\/wp-content\/uploads\/2025\/09\/8.png\"><figure class=\"swiper-slide-inner\"><img decoding=\"async\" class=\"swiper-slide-image\" src=\"https:\/\/cortebaruzzo.it\/wp-content\/uploads\/elementor\/thumbs\/8-rbn1bh4zr9ovgkthv8n6o3fppn9ybplqwqjw6r0wdc.png\" alt=\"Descrizione camera\" \/><\/figure><\/a><\/div><div class=\"swiper-slide\" role=\"group\" aria-roledescription=\"slide\" aria-label=\"9 von 17\"><a data-elementor-open-lightbox=\"yes\" data-elementor-lightbox-slideshow=\"a6c90e4\" data-elementor-lightbox-title=\"Descrizione camera\" data-e-action-hash=\"#elementor-action%3Aaction%3Dlightbox%26settings%3DeyJpZCI6MTA0MSwidXJsIjoiaHR0cHM6XC9cL2NvcnRlYmFydXp6by5pdFwvd3AtY29udGVudFwvdXBsb2Fkc1wvMjAyNVwvMDlcLzkucG5nIiwic2xpZGVzaG93IjoiYTZjOTBlNCJ9\" href=\"https:\/\/cortebaruzzo.it\/wp-content\/uploads\/2025\/09\/9.png\"><figure class=\"swiper-slide-inner\"><img decoding=\"async\" class=\"swiper-slide-image\" src=\"https:\/\/cortebaruzzo.it\/wp-content\/uploads\/elementor\/thumbs\/9-rbn1bi2ty3q5s6s4pr1t8l76b15bjeph8v7do0zi74.png\" alt=\"Descrizione camera\" \/><\/figure><\/a><\/div><div class=\"swiper-slide\" role=\"group\" aria-roledescription=\"slide\" aria-label=\"10 von 17\"><a data-elementor-open-lightbox=\"yes\" data-elementor-lightbox-slideshow=\"a6c90e4\" data-elementor-lightbox-title=\"Descrizione camera\" data-e-action-hash=\"#elementor-action%3Aaction%3Dlightbox%26settings%3DeyJpZCI6MTA2NCwidXJsIjoiaHR0cHM6XC9cL2NvcnRlYmFydXp6by5pdFwvd3AtY29udGVudFwvdXBsb2Fkc1wvMjAyNVwvMDlcLzEwLnBuZyIsInNsaWRlc2hvdyI6ImE2YzkwZTQifQ%3D%3D\" href=\"https:\/\/cortebaruzzo.it\/wp-content\/uploads\/2025\/09\/10.png\"><figure class=\"swiper-slide-inner\"><img decoding=\"async\" class=\"swiper-slide-image\" src=\"https:\/\/cortebaruzzo.it\/wp-content\/uploads\/elementor\/thumbs\/10-rbn1bj0o4xrg3sqrk9gft2ymwf0or3t7kzuv5ay40w.png\" alt=\"Descrizione camera\" \/><\/figure><\/a><\/div><div class=\"swiper-slide\" role=\"group\" aria-roledescription=\"slide\" aria-label=\"11 von 17\"><a data-elementor-open-lightbox=\"yes\" data-elementor-lightbox-slideshow=\"a6c90e4\" data-elementor-lightbox-title=\"Descrizione camera\" data-e-action-hash=\"#elementor-action%3Aaction%3Dlightbox%26settings%3DeyJpZCI6MTA2NSwidXJsIjoiaHR0cHM6XC9cL2NvcnRlYmFydXp6by5pdFwvd3AtY29udGVudFwvdXBsb2Fkc1wvMjAyNVwvMDlcLzExLnBuZyIsInNsaWRlc2hvdyI6ImE2YzkwZTQifQ%3D%3D\" href=\"https:\/\/cortebaruzzo.it\/wp-content\/uploads\/2025\/09\/11.png\"><figure class=\"swiper-slide-inner\"><img decoding=\"async\" class=\"swiper-slide-image\" src=\"https:\/\/cortebaruzzo.it\/wp-content\/uploads\/elementor\/thumbs\/11-rbn1bj0o4xrg3sqrk9gft2ymwf0or3t7kzuv5ay40w.png\" alt=\"Descrizione camera\" \/><\/figure><\/a><\/div><div class=\"swiper-slide\" role=\"group\" aria-roledescription=\"slide\" aria-label=\"12 von 17\"><a data-elementor-open-lightbox=\"yes\" data-elementor-lightbox-slideshow=\"a6c90e4\" data-elementor-lightbox-title=\"Descrizione camera\" data-e-action-hash=\"#elementor-action%3Aaction%3Dlightbox%26settings%3DeyJpZCI6MTA2NiwidXJsIjoiaHR0cHM6XC9cL2NvcnRlYmFydXp6by5pdFwvd3AtY29udGVudFwvdXBsb2Fkc1wvMjAyNVwvMDlcLzEyLnBuZyIsInNsaWRlc2hvdyI6ImE2YzkwZTQifQ%3D%3D\" href=\"https:\/\/cortebaruzzo.it\/wp-content\/uploads\/2025\/09\/12.png\"><figure class=\"swiper-slide-inner\"><img decoding=\"async\" class=\"swiper-slide-image\" src=\"https:\/\/cortebaruzzo.it\/wp-content\/uploads\/elementor\/thumbs\/12-rbn1bjyibrsqfepeerv2dkq3hsw1yswxx4icmkwpuo.png\" alt=\"Descrizione camera\" \/><\/figure><\/a><\/div><div class=\"swiper-slide\" role=\"group\" aria-roledescription=\"slide\" aria-label=\"13 von 17\"><a data-elementor-open-lightbox=\"yes\" data-elementor-lightbox-slideshow=\"a6c90e4\" data-elementor-lightbox-title=\"Descrizione camera\" data-e-action-hash=\"#elementor-action%3Aaction%3Dlightbox%26settings%3DeyJpZCI6MTA2NywidXJsIjoiaHR0cHM6XC9cL2NvcnRlYmFydXp6by5pdFwvd3AtY29udGVudFwvdXBsb2Fkc1wvMjAyNVwvMDlcLzEzLnBuZyIsInNsaWRlc2hvdyI6ImE2YzkwZTQifQ%3D%3D\" href=\"https:\/\/cortebaruzzo.it\/wp-content\/uploads\/2025\/09\/13.png\"><figure class=\"swiper-slide-inner\"><img decoding=\"async\" class=\"swiper-slide-image\" src=\"https:\/\/cortebaruzzo.it\/wp-content\/uploads\/elementor\/thumbs\/13-rbn1bkwcilu0r0o19a9oy2hk36rf6i0o995u3uvbog.png\" alt=\"Descrizione camera\" \/><\/figure><\/a><\/div><div class=\"swiper-slide\" role=\"group\" aria-roledescription=\"slide\" aria-label=\"14 von 17\"><a data-elementor-open-lightbox=\"yes\" data-elementor-lightbox-slideshow=\"a6c90e4\" data-elementor-lightbox-title=\"Descrizione camera\" data-e-action-hash=\"#elementor-action%3Aaction%3Dlightbox%26settings%3DeyJpZCI6MTA2OCwidXJsIjoiaHR0cHM6XC9cL2NvcnRlYmFydXp6by5pdFwvd3AtY29udGVudFwvdXBsb2Fkc1wvMjAyNVwvMDlcLzE0LnBuZyIsInNsaWRlc2hvdyI6ImE2YzkwZTQifQ%3D%3D\" href=\"https:\/\/cortebaruzzo.it\/wp-content\/uploads\/2025\/09\/14.png\"><figure class=\"swiper-slide-inner\"><img decoding=\"async\" class=\"swiper-slide-image\" src=\"https:\/\/cortebaruzzo.it\/wp-content\/uploads\/elementor\/thumbs\/14-rbn1blu6pfvb2mmo3sobik90okmse74eldtbl4txi8.png\" alt=\"Descrizione camera\" \/><\/figure><\/a><\/div><div class=\"swiper-slide\" role=\"group\" aria-roledescription=\"slide\" aria-label=\"15 von 17\"><a data-elementor-open-lightbox=\"yes\" data-elementor-lightbox-slideshow=\"a6c90e4\" data-elementor-lightbox-title=\"Descrizione camera\" data-e-action-hash=\"#elementor-action%3Aaction%3Dlightbox%26settings%3DeyJpZCI6MTA2OSwidXJsIjoiaHR0cHM6XC9cL2NvcnRlYmFydXp6by5pdFwvd3AtY29udGVudFwvdXBsb2Fkc1wvMjAyNVwvMDlcLzE1LnBuZyIsInNsaWRlc2hvdyI6ImE2YzkwZTQifQ%3D%3D\" href=\"https:\/\/cortebaruzzo.it\/wp-content\/uploads\/2025\/09\/15.png\"><figure class=\"swiper-slide-inner\"><img decoding=\"async\" class=\"swiper-slide-image\" src=\"https:\/\/cortebaruzzo.it\/wp-content\/uploads\/elementor\/thumbs\/15-rbn1bms0w9wle8layb2y320h9yi5lw84xigt2esjc0.png\" alt=\"Descrizione camera\" \/><\/figure><\/a><\/div><div class=\"swiper-slide\" role=\"group\" aria-roledescription=\"slide\" aria-label=\"16 von 17\"><a data-elementor-open-lightbox=\"yes\" data-elementor-lightbox-slideshow=\"a6c90e4\" data-elementor-lightbox-title=\"Descrizione camera\" data-e-action-hash=\"#elementor-action%3Aaction%3Dlightbox%26settings%3DeyJpZCI6MTA3MCwidXJsIjoiaHR0cHM6XC9cL2NvcnRlYmFydXp6by5pdFwvd3AtY29udGVudFwvdXBsb2Fkc1wvMjAyNVwvMDlcLzE2LnBuZyIsInNsaWRlc2hvdyI6ImE2YzkwZTQifQ%3D%3D\" href=\"https:\/\/cortebaruzzo.it\/wp-content\/uploads\/2025\/09\/16.png\"><figure class=\"swiper-slide-inner\"><img decoding=\"async\" class=\"swiper-slide-image\" src=\"https:\/\/cortebaruzzo.it\/wp-content\/uploads\/elementor\/thumbs\/16-rbn1bnpv33xvpujxsthknjrxvcditlbv9n4ajor55s.png\" alt=\"Descrizione camera\" \/><\/figure><\/a><\/div><div class=\"swiper-slide\" role=\"group\" aria-roledescription=\"slide\" aria-label=\"17 von 17\"><a data-elementor-open-lightbox=\"yes\" data-elementor-lightbox-slideshow=\"a6c90e4\" data-elementor-lightbox-title=\"Descrizione camera\" data-e-action-hash=\"#elementor-action%3Aaction%3Dlightbox%26settings%3DeyJpZCI6MTA3MSwidXJsIjoiaHR0cHM6XC9cL2NvcnRlYmFydXp6by5pdFwvd3AtY29udGVudFwvdXBsb2Fkc1wvMjAyNVwvMDlcLzE3LnBuZyIsInNsaWRlc2hvdyI6ImE2YzkwZTQifQ%3D%3D\" href=\"https:\/\/cortebaruzzo.it\/wp-content\/uploads\/2025\/09\/17.png\"><figure class=\"swiper-slide-inner\"><img decoding=\"async\" class=\"swiper-slide-image\" src=\"https:\/\/cortebaruzzo.it\/wp-content\/uploads\/elementor\/thumbs\/17-rbn1bnpv33xvpujxsthknjrxvcditlbv9n4ajor55s.png\" alt=\"Descrizione camera\" \/><\/figure><\/a><\/div>\t\t\t<\/div>\n\t\t\t\t\t\t\t\t\t\t\t\t<div class=\"elementor-swiper-button elementor-swiper-button-prev\" role=\"button\" tabindex=\"0\">\n\t\t\t\t\t\t<svg aria-hidden=\"true\" class=\"e-font-icon-svg e-eicon-chevron-left\" viewBox=\"0 0 1000 1000\" xmlns=\"http:\/\/www.w3.org\/2000\/svg\"><path d=\"M646 125C629 125 613 133 604 142L308 442C296 454 292 471 292 487 292 504 296 521 308 533L604 854C617 867 629 875 646 875 663 875 679 871 692 858 704 846 713 829 713 812 713 796 708 779 692 767L438 487 692 225C700 217 708 204 708 187 708 171 704 154 692 142 675 129 663 125 646 125Z\"><\/path><\/svg>\t\t\t\t\t<\/div>\n\t\t\t\t\t<div class=\"elementor-swiper-button elementor-swiper-button-next\" role=\"button\" tabindex=\"0\">\n\t\t\t\t\t\t<svg aria-hidden=\"true\" class=\"e-font-icon-svg e-eicon-chevron-right\" viewBox=\"0 0 1000 1000\" xmlns=\"http:\/\/www.w3.org\/2000\/svg\"><path d=\"M696 533C708 521 713 504 713 487 713 471 708 454 696 446L400 146C388 133 375 125 354 125 338 125 325 129 313 142 300 154 292 171 292 187 292 204 296 221 308 233L563 492 304 771C292 783 288 800 288 817 288 833 296 850 308 863 321 871 338 875 354 875 371 875 388 867 400 854L696 533Z\"><\/path><\/svg>\t\t\t\t\t<\/div>\n\t\t\t\t\n\t\t\t\t\t\t\t\t\t<\/div>\n\t\t\t\t\t\t<\/div>\n\t\t\t\t<\/div>\n\t\t<div class=\"elementor-element elementor-element-61c9906c e-con-full e-flex e-con e-parent\" data-id=\"61c9906c\" data-element_type=\"container\" data-settings=\"{&quot;background_background&quot;:&quot;classic&quot;}\">\n\t\t\t\t<div class=\"elementor-element elementor-element-1590ed56 elementor-invisible elementor-widget elementor-widget-google_maps\" data-id=\"1590ed56\" data-element_type=\"widget\" data-settings=\"{&quot;_animation&quot;:&quot;fadeIn&quot;,&quot;_animation_delay&quot;:400}\" data-widget_type=\"google_maps.default\">\n\t\t\t\t\t\t\t<div class=\"elementor-custom-embed\">\n\t\t\t<iframe loading=\"lazy\"\n\t\t\t\t\tsrc=\"https:\/\/maps.google.com\/maps?q=%20Strada%20dei%20Colli%20Nord%20n.%202%20%20Volta%20Mantovana%20%28MN%29%20&#038;t=m&#038;z=14&#038;output=embed&#038;iwloc=near\"\n\t\t\t\t\ttitle=\" Strada dei Colli Nord n. 2  Volta Mantovana (MN) \"\n\t\t\t\t\taria-label=\" Strada dei Colli Nord n. 2  Volta Mantovana (MN) \"\n\t\t\t><\/iframe>\n\t\t<\/div>\n\t\t\t\t\t\t<\/div>\n\t\t\t\t<\/div>\n\t\t\t\t<\/div>\n\t\t","protected":false},"excerpt":{"rendered":"<p>Wo die Zeit zwischen Olivenb\u00e4umen und alten Steinen ruht. Corte Baruzzo ist mehr als eine Residenz: Es ist der Atem der Erde, die Eleganz der Geschichte, die Stille der Landschaft, die noch zu erz\u00e4hlen wei\u00df. Ein alter Name,zwischen Steinmauernund zeitlosen H\u00fcgeln. Die Urspr\u00fcnge von Corte Baruzzo gehen auf das 15. Jahrhundert zur\u00fcck, als es zu [&hellip;]<\/p>\n","protected":false},"author":1,"featured_media":0,"parent":0,"menu_order":0,"comment_status":"closed","ping_status":"closed","template":"","meta":{"footnotes":""},"class_list":["post-1072","page","type-page","status-publish","hentry"],"_links":{"self":[{"href":"https:\/\/cortebaruzzo.it\/de\/wp-json\/wp\/v2\/pages\/1072","targetHints":{"allow":["GET"]}}],"collection":[{"href":"https:\/\/cortebaruzzo.it\/de\/wp-json\/wp\/v2\/pages"}],"about":[{"href":"https:\/\/cortebaruzzo.it\/de\/wp-json\/wp\/v2\/types\/page"}],"author":[{"embeddable":true,"href":"https:\/\/cortebaruzzo.it\/de\/wp-json\/wp\/v2\/users\/1"}],"replies":[{"embeddable":true,"href":"https:\/\/cortebaruzzo.it\/de\/wp-json\/wp\/v2\/comments?post=1072"}],"version-history":[{"count":1,"href":"https:\/\/cortebaruzzo.it\/de\/wp-json\/wp\/v2\/pages\/1072\/revisions"}],"predecessor-version":[{"id":1075,"href":"https:\/\/cortebaruzzo.it\/de\/wp-json\/wp\/v2\/pages\/1072\/revisions\/1075"}],"wp:attachment":[{"href":"https:\/\/cortebaruzzo.it\/de\/wp-json\/wp\/v2\/media?parent=1072"}],"curies":[{"name":"wp","href":"https:\/\/api.w.org\/{rel}","templated":true}]}}