{"id":1168,"date":"2025-09-12T09:05:03","date_gmt":"2025-09-12T07:05:03","guid":{"rendered":"https:\/\/cortebaruzzo.it\/veranstaltungen\/"},"modified":"2025-10-02T01:33:04","modified_gmt":"2025-10-01T23:33:04","slug":"veranstaltungen","status":"publish","type":"page","link":"https:\/\/cortebaruzzo.it\/de\/veranstaltungen\/","title":{"rendered":"Veranstaltungen"},"content":{"rendered":"\t\t<div data-elementor-type=\"wp-page\" data-elementor-id=\"1168\" class=\"elementor elementor-1168 elementor-187\" data-elementor-post-type=\"page\">\n\t\t\t\t<div class=\"elementor-element elementor-element-6140d8e e-flex e-con-boxed e-con e-parent\" data-id=\"6140d8e\" data-element_type=\"container\" data-settings=\"{&quot;background_background&quot;:&quot;classic&quot;}\">\n\t\t\t\t\t<div class=\"e-con-inner\">\n\t\t\t\t\t<\/div>\n\t\t\t\t<\/div>\n\t\t<div class=\"elementor-element elementor-element-f1653d4 e-flex e-con-boxed e-con e-parent\" data-id=\"f1653d4\" data-element_type=\"container\">\n\t\t\t\t\t<div class=\"e-con-inner\">\n\t\t\t\t<div class=\"elementor-element elementor-element-a745b83 elementor-invisible elementor-widget elementor-widget-heading\" data-id=\"a745b83\" data-element_type=\"widget\" data-settings=\"{&quot;_animation&quot;:&quot;fadeIn&quot;,&quot;_animation_delay&quot;:200}\" data-widget_type=\"heading.default\">\n\t\t\t\t\t<h2 class=\"elementor-heading-title elementor-size-default\">Ein Ort, der wei\u00df,<br>wie man das Au\u00dfergew\u00f6hnliche willkommen hei\u00dft.<\/h2>\t\t\t\t<\/div>\n\t\t<div class=\"elementor-element elementor-element-65c32c6 e-con-full e-flex e-con e-child\" data-id=\"65c32c6\" data-element_type=\"container\">\n\t\t\t\t<div class=\"elementor-element elementor-element-bd5a54f elementor-invisible elementor-widget elementor-widget-text-editor\" data-id=\"bd5a54f\" data-element_type=\"widget\" data-settings=\"{&quot;_animation&quot;:&quot;fadeIn&quot;,&quot;_animation_delay&quot;:400}\" data-widget_type=\"text-editor.default\">\n\t\t\t\t\t\t\t\t\t<p>Corte Baruzzo ist der ideale Ort, um einen besonderen Moment in eine unvergessliche Erinnerung zu verwandeln.<\/p><p>Zwischen alten Mauern und zeitlosen Landschaften findet jede Veranstaltung ihre Dimension: authentisch, raffiniert, einzigartig.<\/p><p>Ob es sich um eine intime Hochzeit, eine exklusive Feier, ein Gesch\u00e4ftsessen oder einen Teambuilding-Tag inmitten der Natur handelt \u2013 hier wird jedes Detail mit Sorgfalt und Respekt f\u00fcr die Atmosph\u00e4re des Ortes gestaltet.<\/p>\t\t\t\t\t\t\t\t<\/div>\n\t\t\t\t<\/div>\n\t\t\t\t\t<\/div>\n\t\t\t\t<\/div>\n\t\t<div class=\"elementor-element elementor-element-7c66b38 animated-slow e-flex e-con-boxed elementor-invisible e-con e-parent\" data-id=\"7c66b38\" data-element_type=\"container\" data-settings=\"{&quot;background_background&quot;:&quot;classic&quot;,&quot;animation&quot;:&quot;zoomIn&quot;}\">\n\t\t\t\t\t<div class=\"e-con-inner\">\n\t\t\t\t<div class=\"elementor-element elementor-element-d4bf44b elementor-widget elementor-widget-spacer\" data-id=\"d4bf44b\" data-element_type=\"widget\" data-widget_type=\"spacer.default\">\n\t\t\t\t\t\t\t<div class=\"elementor-spacer\">\n\t\t\t<div class=\"elementor-spacer-inner\"><\/div>\n\t\t<\/div>\n\t\t\t\t\t\t<\/div>\n\t\t\t\t\t<\/div>\n\t\t\t\t<\/div>\n\t\t<div class=\"elementor-element elementor-element-bb061c5 e-flex e-con-boxed e-con e-parent\" data-id=\"bb061c5\" data-element_type=\"container\">\n\t\t\t\t\t<div class=\"e-con-inner\">\n\t\t\t\t<div class=\"elementor-element elementor-element-2d87892 elementor-invisible elementor-widget elementor-widget-heading\" data-id=\"2d87892\" data-element_type=\"widget\" data-settings=\"{&quot;_animation&quot;:&quot;fadeIn&quot;,&quot;_animation_delay&quot;:200}\" data-widget_type=\"heading.default\">\n\t\t\t\t\t<h2 class=\"elementor-heading-title elementor-size-default\">Kontaktieren Sie uns f\u00fcr ein<br>pers\u00f6nliches Angebot. Es w\u00e4re uns eine Freude,<br>gemeinsam etwas wahrhaft<br>Unvergessliches zu gestalten.\n<\/h2>\t\t\t\t<\/div>\n\t\t<div class=\"elementor-element elementor-element-f6a2f6c e-con-full e-flex e-con e-child\" data-id=\"f6a2f6c\" data-element_type=\"container\">\n\t\t\t\t<div class=\"elementor-element elementor-element-defc420 elementor-invisible elementor-widget elementor-widget-text-editor\" data-id=\"defc420\" data-element_type=\"widget\" data-settings=\"{&quot;_animation&quot;:&quot;fadeIn&quot;,&quot;_animation_delay&quot;:400}\" data-widget_type=\"text-editor.default\">\n\t\t\t\t\t\t\t\t\t<p>Verf\u00fcgbare R\u00e4ume<br>\u2713 3 Innens\u00e4le f\u00fcr Gastronomie (bis zu 180 Pl\u00e4tze)<br>\u2713 Gepflasterter Hof f\u00fcr Veranstaltungen im Freien<br>\u2713 Bar mit Glasfront zum Pool<br>\u2713 Zimmer f\u00fcr die Unterbringung von G\u00e4sten<br>\u2713 Park und H\u00fcgellandschaft f\u00fcr Fotos und besondere Momente<\/p><p>Dienstleistungen auf Anfrage<br>\u2713 Eventkoordination<br>\u2713 Blumendekorationen<br>\u2713 Fotografischer Service<br>\u2713 Live-Musik oder DJ-Set<br>\u2713 Individuelle K\u00fcche<\/p>\t\t\t\t\t\t\t\t<\/div>\n\t\t\t\t<\/div>\n\t\t\t\t\t<\/div>\n\t\t\t\t<\/div>\n\t\t<div class=\"elementor-element elementor-element-83120db e-con-full e-flex e-con e-parent\" data-id=\"83120db\" data-element_type=\"container\">\n\t\t\t\t<div class=\"elementor-element elementor-element-9462097 elementor-arrows-position-inside elementor-widget elementor-widget-image-carousel\" data-id=\"9462097\" data-element_type=\"widget\" data-settings=\"{&quot;slides_to_show&quot;:&quot;5&quot;,&quot;navigation&quot;:&quot;arrows&quot;,&quot;autoplay&quot;:&quot;yes&quot;,&quot;pause_on_hover&quot;:&quot;yes&quot;,&quot;pause_on_interaction&quot;:&quot;yes&quot;,&quot;autoplay_speed&quot;:5000,&quot;infinite&quot;:&quot;yes&quot;,&quot;speed&quot;:500}\" data-widget_type=\"image-carousel.default\">\n\t\t\t\t\t\t\t<div class=\"elementor-image-carousel-wrapper swiper\" role=\"region\" aria-roledescription=\"carousel\" aria-label=\"Carosello d&#039;immagini\" dir=\"ltr\">\n\t\t\t<div class=\"elementor-image-carousel swiper-wrapper\" aria-live=\"off\">\n\t\t\t\t\t\t\t\t<div class=\"swiper-slide\" role=\"group\" aria-roledescription=\"slide\" aria-label=\"1 von 10\"><a data-elementor-open-lightbox=\"yes\" data-elementor-lightbox-slideshow=\"9462097\" data-elementor-lightbox-title=\"default\" data-e-action-hash=\"#elementor-action%3Aaction%3Dlightbox%26settings%3DeyJpZCI6OTg4LCJ1cmwiOiJodHRwczpcL1wvY29ydGViYXJ1enpvLml0XC93cC1jb250ZW50XC91cGxvYWRzXC8yMDI1XC8wOVwvREpJXzIwMjUwODAyMTkwMDA1XzAxOTZfRC1zY2FsZWQuanBnIiwic2xpZGVzaG93IjoiOTQ2MjA5NyJ9\" href=\"https:\/\/cortebaruzzo.it\/wp-content\/uploads\/2025\/09\/DJI_20250802190005_0196_D-scaled.jpg\"><figure class=\"swiper-slide-inner\"><img decoding=\"async\" class=\"swiper-slide-image\" src=\"https:\/\/cortebaruzzo.it\/wp-content\/uploads\/elementor\/thumbs\/DJI_20250802190005_0196_D-scaled-rbueu0r0l8m93qhzoh1vvj2ur4fc1vd4353jewh42o.jpg\" alt=\"default\" \/><\/figure><\/a><\/div><div class=\"swiper-slide\" role=\"group\" aria-roledescription=\"slide\" aria-label=\"2 von 10\"><a data-elementor-open-lightbox=\"yes\" data-elementor-lightbox-slideshow=\"9462097\" data-elementor-lightbox-title=\"default\" data-e-action-hash=\"#elementor-action%3Aaction%3Dlightbox%26settings%3DeyJpZCI6OTg5LCJ1cmwiOiJodHRwczpcL1wvY29ydGViYXJ1enpvLml0XC93cC1jb250ZW50XC91cGxvYWRzXC8yMDI1XC8wOVwvREpJXzIwMjUwODAyMTYzNzQzXzAwMjZfRC1zY2FsZWQuanBnIiwic2xpZGVzaG93IjoiOTQ2MjA5NyJ9\" href=\"https:\/\/cortebaruzzo.it\/wp-content\/uploads\/2025\/09\/DJI_20250802163743_0026_D-scaled.jpg\"><figure class=\"swiper-slide-inner\"><img decoding=\"async\" class=\"swiper-slide-image\" src=\"https:\/\/cortebaruzzo.it\/wp-content\/uploads\/elementor\/thumbs\/DJI_20250802163743_0026_D-scaled-rbuetoj44e5iwszqntrqh45v143k9t0lpgm86az8bk.jpg\" alt=\"default\" \/><\/figure><\/a><\/div><div class=\"swiper-slide\" role=\"group\" aria-roledescription=\"slide\" aria-label=\"3 von 10\"><a data-elementor-open-lightbox=\"yes\" data-elementor-lightbox-slideshow=\"9462097\" data-elementor-lightbox-title=\"_DP_0486\" data-e-action-hash=\"#elementor-action%3Aaction%3Dlightbox%26settings%3DeyJpZCI6OTkwLCJ1cmwiOiJodHRwczpcL1wvY29ydGViYXJ1enpvLml0XC93cC1jb250ZW50XC91cGxvYWRzXC8yMDI1XC8wOVwvRFBfMDQ4Ni1zY2FsZWQuanBnIiwic2xpZGVzaG93IjoiOTQ2MjA5NyJ9\" href=\"https:\/\/cortebaruzzo.it\/wp-content\/uploads\/2025\/09\/DP_0486-scaled.jpg\"><figure class=\"swiper-slide-inner\"><img decoding=\"async\" class=\"swiper-slide-image\" src=\"https:\/\/cortebaruzzo.it\/wp-content\/uploads\/elementor\/thumbs\/DP_0486-scaled-rbuetd91udq31hg4how7n70bwhn5pfrtnwseezfye8.jpg\" alt=\"_DP_0486\" \/><\/figure><\/a><\/div><div class=\"swiper-slide\" role=\"group\" aria-roledescription=\"slide\" aria-label=\"4 von 10\"><a data-elementor-open-lightbox=\"yes\" data-elementor-lightbox-slideshow=\"9462097\" data-elementor-lightbox-title=\"_DP_0584\" data-e-action-hash=\"#elementor-action%3Aaction%3Dlightbox%26settings%3DeyJpZCI6OTkxLCJ1cmwiOiJodHRwczpcL1wvY29ydGViYXJ1enpvLml0XC93cC1jb250ZW50XC91cGxvYWRzXC8yMDI1XC8wOVwvRFBfMDU4NC1zY2FsZWQuanBnIiwic2xpZGVzaG93IjoiOTQ2MjA5NyJ9\" href=\"https:\/\/cortebaruzzo.it\/wp-content\/uploads\/2025\/09\/DP_0584-scaled.jpg\"><figure class=\"swiper-slide-inner\"><img decoding=\"async\" class=\"swiper-slide-image\" src=\"https:\/\/cortebaruzzo.it\/wp-content\/uploads\/elementor\/thumbs\/DP_0584-scaled-rbueth0elpv8bxanvqipx626a14mk86r0fecc3adpc.jpg\" alt=\"_DP_0584\" \/><\/figure><\/a><\/div><div class=\"swiper-slide\" role=\"group\" aria-roledescription=\"slide\" aria-label=\"5 von 10\"><a data-elementor-open-lightbox=\"yes\" data-elementor-lightbox-slideshow=\"9462097\" data-elementor-lightbox-title=\"AP_CorteBaruzzo-136\" data-e-action-hash=\"#elementor-action%3Aaction%3Dlightbox%26settings%3DeyJpZCI6OTkyLCJ1cmwiOiJodHRwczpcL1wvY29ydGViYXJ1enpvLml0XC93cC1jb250ZW50XC91cGxvYWRzXC8yMDI1XC8wOVwvQVBfQ29ydGVCYXJ1enpvLTEzNi1zY2FsZWQuanBnIiwic2xpZGVzaG93IjoiOTQ2MjA5NyJ9\" href=\"https:\/\/cortebaruzzo.it\/wp-content\/uploads\/2025\/09\/AP_CorteBaruzzo-136-scaled.jpg\"><figure class=\"swiper-slide-inner\"><img decoding=\"async\" class=\"swiper-slide-image\" src=\"https:\/\/cortebaruzzo.it\/wp-content\/uploads\/elementor\/thumbs\/AP_CorteBaruzzo-136-scaled-rbnew1p036ia3z54yfe6ot0xbn678173extk8em674.jpg\" alt=\"AP_CorteBaruzzo-136\" \/><\/figure><\/a><\/div><div class=\"swiper-slide\" role=\"group\" aria-roledescription=\"slide\" aria-label=\"6 von 10\"><a data-elementor-open-lightbox=\"yes\" data-elementor-lightbox-slideshow=\"9462097\" data-elementor-lightbox-title=\"AP_CorteBaruzzo-134\" data-e-action-hash=\"#elementor-action%3Aaction%3Dlightbox%26settings%3DeyJpZCI6OTkzLCJ1cmwiOiJodHRwczpcL1wvY29ydGViYXJ1enpvLml0XC93cC1jb250ZW50XC91cGxvYWRzXC8yMDI1XC8wOVwvQVBfQ29ydGVCYXJ1enpvLTEzNC1zY2FsZWQuanBnIiwic2xpZGVzaG93IjoiOTQ2MjA5NyJ9\" href=\"https:\/\/cortebaruzzo.it\/wp-content\/uploads\/2025\/09\/AP_CorteBaruzzo-134-scaled.jpg\"><figure class=\"swiper-slide-inner\"><img decoding=\"async\" class=\"swiper-slide-image\" src=\"https:\/\/cortebaruzzo.it\/wp-content\/uploads\/elementor\/thumbs\/AP_CorteBaruzzo-134-scaled-rbnewho9bd45lchxd4aud6zrf6zfuvyj54wte3yh9c.jpg\" alt=\"AP_CorteBaruzzo-134\" \/><\/figure><\/a><\/div><div class=\"swiper-slide\" role=\"group\" aria-roledescription=\"slide\" aria-label=\"7 von 10\"><a data-elementor-open-lightbox=\"yes\" data-elementor-lightbox-slideshow=\"9462097\" data-elementor-lightbox-title=\"AP_corte\" data-e-action-hash=\"#elementor-action%3Aaction%3Dlightbox%26settings%3DeyJpZCI6OTk0LCJ1cmwiOiJodHRwczpcL1wvY29ydGViYXJ1enpvLml0XC93cC1jb250ZW50XC91cGxvYWRzXC8yMDI1XC8wOVwvQVBfQ29ydGVCYXJ1enpvLTYxLXNjYWxlZC5qcGciLCJzbGlkZXNob3ciOiI5NDYyMDk3In0%3D\" href=\"https:\/\/cortebaruzzo.it\/wp-content\/uploads\/2025\/09\/AP_CorteBaruzzo-61-scaled.jpg\"><figure class=\"swiper-slide-inner\"><img decoding=\"async\" class=\"swiper-slide-image\" src=\"https:\/\/cortebaruzzo.it\/wp-content\/uploads\/elementor\/thumbs\/AP_CorteBaruzzo-61-scaled-rbnex642921lz7ifeev560tqv7mzf0njwhvfvay8rk.jpg\" alt=\"AP_corte\" \/><\/figure><\/a><\/div><div class=\"swiper-slide\" role=\"group\" aria-roledescription=\"slide\" aria-label=\"8 von 10\"><a data-elementor-open-lightbox=\"yes\" data-elementor-lightbox-slideshow=\"9462097\" data-elementor-lightbox-title=\"AP_CorteBaruzzo-115\" data-e-action-hash=\"#elementor-action%3Aaction%3Dlightbox%26settings%3DeyJpZCI6OTk1LCJ1cmwiOiJodHRwczpcL1wvY29ydGViYXJ1enpvLml0XC93cC1jb250ZW50XC91cGxvYWRzXC8yMDI1XC8wOVwvQVBfQ29ydGVCYXJ1enpvLTExNS1zY2FsZWQuanBnIiwic2xpZGVzaG93IjoiOTQ2MjA5NyJ9\" href=\"https:\/\/cortebaruzzo.it\/wp-content\/uploads\/2025\/09\/AP_CorteBaruzzo-115-scaled.jpg\"><figure class=\"swiper-slide-inner\"><img decoding=\"async\" class=\"swiper-slide-image\" src=\"https:\/\/cortebaruzzo.it\/wp-content\/uploads\/elementor\/thumbs\/AP_CorteBaruzzo-115-scaled-rbnexqsifetx2moe1nsxovlvxot24cxnbc84fe3kyo.jpg\" alt=\"AP_CorteBaruzzo-115\" \/><\/figure><\/a><\/div><div class=\"swiper-slide\" role=\"group\" aria-roledescription=\"slide\" aria-label=\"9 von 10\"><a data-elementor-open-lightbox=\"yes\" data-elementor-lightbox-slideshow=\"9462097\" data-elementor-lightbox-title=\"AP_CorteBaruzzo-57\" data-e-action-hash=\"#elementor-action%3Aaction%3Dlightbox%26settings%3DeyJpZCI6OTk2LCJ1cmwiOiJodHRwczpcL1wvY29ydGViYXJ1enpvLml0XC93cC1jb250ZW50XC91cGxvYWRzXC8yMDI1XC8wOVwvQVBfQ29ydGVCYXJ1enpvLTU3LXNjYWxlZC5qcGciLCJzbGlkZXNob3ciOiI5NDYyMDk3In0%3D\" href=\"https:\/\/cortebaruzzo.it\/wp-content\/uploads\/2025\/09\/AP_CorteBaruzzo-57-scaled.jpg\"><figure class=\"swiper-slide-inner\"><img decoding=\"async\" class=\"swiper-slide-image\" src=\"https:\/\/cortebaruzzo.it\/wp-content\/uploads\/elementor\/thumbs\/AP_CorteBaruzzo-57-scaled-rbneyomp9g48olb8k2fi6n2hbk69tgnzfzplpcpeqo.jpg\" alt=\"AP_CorteBaruzzo-57\" \/><\/figure><\/a><\/div><div class=\"swiper-slide\" role=\"group\" aria-roledescription=\"slide\" aria-label=\"10 von 10\"><a data-elementor-open-lightbox=\"yes\" data-elementor-lightbox-slideshow=\"9462097\" data-elementor-lightbox-title=\"AP_CorteBaruzzo-45\" data-e-action-hash=\"#elementor-action%3Aaction%3Dlightbox%26settings%3DeyJpZCI6OTk3LCJ1cmwiOiJodHRwczpcL1wvY29ydGViYXJ1enpvLml0XC93cC1jb250ZW50XC91cGxvYWRzXC8yMDI1XC8wOVwvQVBfQ29ydGVCYXJ1enpvLTQ1LXNjYWxlZC5qcGciLCJzbGlkZXNob3ciOiI5NDYyMDk3In0%3D\" href=\"https:\/\/cortebaruzzo.it\/wp-content\/uploads\/2025\/09\/AP_CorteBaruzzo-45-scaled.jpg\"><figure class=\"swiper-slide-inner\"><img decoding=\"async\" class=\"swiper-slide-image\" src=\"https:\/\/cortebaruzzo.it\/wp-content\/uploads\/elementor\/thumbs\/AP_CorteBaruzzo-45-scaled-rbnezr631nkzwlr9b137ivcdocwbl1wz9agidp49nk.jpg\" alt=\"AP_CorteBaruzzo-45\" \/><\/figure><\/a><\/div>\t\t\t<\/div>\n\t\t\t\t\t\t\t\t\t\t\t\t<div class=\"elementor-swiper-button elementor-swiper-button-prev\" role=\"button\" tabindex=\"0\">\n\t\t\t\t\t\t<svg aria-hidden=\"true\" class=\"e-font-icon-svg e-eicon-chevron-left\" viewBox=\"0 0 1000 1000\" xmlns=\"http:\/\/www.w3.org\/2000\/svg\"><path d=\"M646 125C629 125 613 133 604 142L308 442C296 454 292 471 292 487 292 504 296 521 308 533L604 854C617 867 629 875 646 875 663 875 679 871 692 858 704 846 713 829 713 812 713 796 708 779 692 767L438 487 692 225C700 217 708 204 708 187 708 171 704 154 692 142 675 129 663 125 646 125Z\"><\/path><\/svg>\t\t\t\t\t<\/div>\n\t\t\t\t\t<div class=\"elementor-swiper-button elementor-swiper-button-next\" role=\"button\" tabindex=\"0\">\n\t\t\t\t\t\t<svg aria-hidden=\"true\" class=\"e-font-icon-svg e-eicon-chevron-right\" viewBox=\"0 0 1000 1000\" xmlns=\"http:\/\/www.w3.org\/2000\/svg\"><path d=\"M696 533C708 521 713 504 713 487 713 471 708 454 696 446L400 146C388 133 375 125 354 125 338 125 325 129 313 142 300 154 292 171 292 187 292 204 296 221 308 233L563 492 304 771C292 783 288 800 288 817 288 833 296 850 308 863 321 871 338 875 354 875 371 875 388 867 400 854L696 533Z\"><\/path><\/svg>\t\t\t\t\t<\/div>\n\t\t\t\t\n\t\t\t\t\t\t\t\t\t<\/div>\n\t\t\t\t\t\t<\/div>\n\t\t\t\t<\/div>\n\t\t\t\t<\/div>\n\t\t","protected":false},"excerpt":{"rendered":"<p>Ein Ort, der wei\u00df,wie man das Au\u00dfergew\u00f6hnliche willkommen hei\u00dft. Corte Baruzzo ist der ideale Ort, um einen besonderen Moment in eine unvergessliche Erinnerung zu verwandeln. Zwischen alten Mauern und zeitlosen Landschaften findet jede Veranstaltung ihre Dimension: authentisch, raffiniert, einzigartig. Ob es sich um eine intime Hochzeit, eine exklusive Feier, ein Gesch\u00e4ftsessen oder einen Teambuilding-Tag inmitten [&hellip;]<\/p>\n","protected":false},"author":1,"featured_media":0,"parent":0,"menu_order":0,"comment_status":"closed","ping_status":"closed","template":"","meta":{"footnotes":""},"class_list":["post-1168","page","type-page","status-publish","hentry"],"_links":{"self":[{"href":"https:\/\/cortebaruzzo.it\/de\/wp-json\/wp\/v2\/pages\/1168","targetHints":{"allow":["GET"]}}],"collection":[{"href":"https:\/\/cortebaruzzo.it\/de\/wp-json\/wp\/v2\/pages"}],"about":[{"href":"https:\/\/cortebaruzzo.it\/de\/wp-json\/wp\/v2\/types\/page"}],"author":[{"embeddable":true,"href":"https:\/\/cortebaruzzo.it\/de\/wp-json\/wp\/v2\/users\/1"}],"replies":[{"embeddable":true,"href":"https:\/\/cortebaruzzo.it\/de\/wp-json\/wp\/v2\/comments?post=1168"}],"version-history":[{"count":1,"href":"https:\/\/cortebaruzzo.it\/de\/wp-json\/wp\/v2\/pages\/1168\/revisions"}],"predecessor-version":[{"id":1177,"href":"https:\/\/cortebaruzzo.it\/de\/wp-json\/wp\/v2\/pages\/1168\/revisions\/1177"}],"wp:attachment":[{"href":"https:\/\/cortebaruzzo.it\/de\/wp-json\/wp\/v2\/media?parent=1168"}],"curies":[{"name":"wp","href":"https:\/\/api.w.org\/{rel}","templated":true}]}}