{"id":880,"date":"2025-09-11T14:28:05","date_gmt":"2025-09-11T12:28:05","guid":{"rendered":"https:\/\/cortebaruzzo.it\/privacy-policy\/"},"modified":"2025-10-02T09:15:37","modified_gmt":"2025-10-02T07:15:37","slug":"privacy-policy","status":"publish","type":"page","link":"https:\/\/cortebaruzzo.it\/de\/privacy-policy\/","title":{"rendered":"Privacy Policy"},"content":{"rendered":"\t\t<div data-elementor-type=\"wp-page\" data-elementor-id=\"880\" class=\"elementor elementor-880 elementor-3\" data-elementor-post-type=\"page\">\n\t\t\t\t<div class=\"elementor-element elementor-element-05f1e40 e-flex e-con-boxed e-con e-parent\" data-id=\"05f1e40\" data-element_type=\"container\">\n\t\t\t\t\t<div class=\"e-con-inner\">\n\t\t\t\t<div class=\"elementor-element elementor-element-7cd459e elementor-widget elementor-widget-text-editor\" data-id=\"7cd459e\" data-element_type=\"widget\" data-widget_type=\"text-editor.default\">\n\t\t\t\t\t\t\t\t\t<h4 data-start=\"307\" data-end=\"345\">Der Verantwortliche<\/h4><p data-start=\"346\" data-end=\"460\">Corte Baruzzo<\/p><p data-start=\"346\" data-end=\"460\">Strada dei Colli Nord n. 2 &#8211; Volta Mantovana (MN)<\/p><p data-start=\"346\" data-end=\"460\">Email: info@cortebaruzzo.it<br data-start=\"428\" data-end=\"431\" \/>Telefon: +39 0376 1720325<\/p><h4 data-start=\"462\" data-end=\"493\">Arten der erhobenen Daten<\/h4><p data-start=\"494\" data-end=\"779\">Die Website erhebt keine personenbezogenen Daten \u00fcber Formulare oder Anmeldungen.<br data-start=\"561\" data-end=\"564\" \/>Die einzigen verarbeiteten Daten stammen aus der Verwendung von Cookies, die f\u00fcr das ordnungsgem\u00e4\u00dfe Funktionieren der Website erforderlich sind \u2013 sowie, falls vorhanden, Cookies von Drittanbietern (z. B. Google Fonts, Google Maps, Analysetools).<\/p><h4 data-start=\"781\" data-end=\"836\">Methoden und Ort der Verarbeitung der erhobenen Daten<\/h4><p data-start=\"837\" data-end=\"988\">Die Verarbeitung erfolgt mit Hilfe von IT- und telematischen Systemen unter Anwendung organisatorischer Ma\u00dfnahmen und Logiken, die eng mit den angegebenen Zwecken verbunden sind.<\/p><p data-start=\"990\" data-end=\"1096\">Die Daten werden ausschlie\u00dflich verarbeitet, um das ordnungsgem\u00e4\u00dfe Funktionieren und die Sicherheit der Website zu gew\u00e4hrleisten.<\/p><h4 data-start=\"1098\" data-end=\"1127\">Zwecke der Datenverarbeitung<\/h4><p data-start=\"1128\" data-end=\"1188\">Die Daten der Nutzer werden zu den folgenden Zwecken erhoben:<\/p><ul data-start=\"1189\" data-end=\"1361\"><li data-start=\"1189\" data-end=\"1248\"><p data-start=\"1191\" data-end=\"1248\">die Navigation und die Anzeige der Website gew\u00e4hrleisten;<\/p><\/li><li data-start=\"1249\" data-end=\"1314\"><p data-start=\"1251\" data-end=\"1314\">eventuelle anonyme Statistiken \u00fcber die Nutzung der Website verwalten;<\/p><\/li><li data-start=\"1315\" data-end=\"1361\"><p data-start=\"1317\" data-end=\"1361\">die Sicherheit der Plattform verbessern.<\/p><\/li><\/ul><h4 data-start=\"1363\" data-end=\"1374\">Rechte der Nutzer<\/h4><p data-start=\"39\" data-end=\"92\">Die Nutzer haben das Recht:<\/p><ul data-start=\"94\" data-end=\"343\"><li data-start=\"94\" data-end=\"143\"><p data-start=\"96\" data-end=\"143\">auf ihre personenbezogenen Daten zuzugreifen;<\/p><\/li><li data-start=\"144\" data-end=\"205\"><p data-start=\"146\" data-end=\"205\">die Berichtigung oder L\u00f6schung dieser Daten zu verlangen;<\/p><\/li><li data-start=\"206\" data-end=\"282\"><p data-start=\"208\" data-end=\"282\">der Verarbeitung zu widersprechen oder deren Einschr\u00e4nkung zu verlangen;<\/p><\/li><li data-start=\"283\" data-end=\"343\"><p data-start=\"285\" data-end=\"343\">eine Beschwerde bei der Datenschutzbeh\u00f6rde einzureichen.<\/p><\/li><\/ul><p data-start=\"345\" data-end=\"462\">Zur Aus\u00fcbung ihrer Rechte k\u00f6nnen die Nutzer den Verantwortlichen unter den oben angegebenen Kontaktdaten erreichen.<\/p><h4 data-start=\"1363\" data-end=\"1374\">\u00c4nderungen dieser Datenschutzerkl\u00e4rung<\/h4><p data-start=\"1375\" data-end=\"1581\">Der Verantwortliche beh\u00e4lt sich das Recht vor, diese Datenschutzerkl\u00e4rung jederzeit zu \u00e4ndern. Die jeweils aktuelle Version ist stets auf dieser Seite verf\u00fcgbar.<\/p>\t\t\t\t\t\t\t\t<\/div>\n\t\t\t\t\t<\/div>\n\t\t\t\t<\/div>\n\t\t\t\t<\/div>\n\t\t","protected":false},"excerpt":{"rendered":"<p>Der Verantwortliche Corte Baruzzo Strada dei Colli Nord n. 2 &#8211; Volta Mantovana (MN) Email: info@cortebaruzzo.itTelefon: +39 0376 1720325 Arten der erhobenen Daten Die Website erhebt keine personenbezogenen Daten \u00fcber Formulare oder Anmeldungen.Die einzigen verarbeiteten Daten stammen aus der Verwendung von Cookies, die f\u00fcr das ordnungsgem\u00e4\u00dfe Funktionieren der Website erforderlich sind \u2013 sowie, falls vorhanden, [&hellip;]<\/p>\n","protected":false},"author":1,"featured_media":0,"parent":0,"menu_order":0,"comment_status":"closed","ping_status":"open","template":"elementor_header_footer","meta":{"footnotes":""},"class_list":["post-880","page","type-page","status-publish","hentry"],"_links":{"self":[{"href":"https:\/\/cortebaruzzo.it\/de\/wp-json\/wp\/v2\/pages\/880","targetHints":{"allow":["GET"]}}],"collection":[{"href":"https:\/\/cortebaruzzo.it\/de\/wp-json\/wp\/v2\/pages"}],"about":[{"href":"https:\/\/cortebaruzzo.it\/de\/wp-json\/wp\/v2\/types\/page"}],"author":[{"embeddable":true,"href":"https:\/\/cortebaruzzo.it\/de\/wp-json\/wp\/v2\/users\/1"}],"replies":[{"embeddable":true,"href":"https:\/\/cortebaruzzo.it\/de\/wp-json\/wp\/v2\/comments?post=880"}],"version-history":[{"count":4,"href":"https:\/\/cortebaruzzo.it\/de\/wp-json\/wp\/v2\/pages\/880\/revisions"}],"predecessor-version":[{"id":1216,"href":"https:\/\/cortebaruzzo.it\/de\/wp-json\/wp\/v2\/pages\/880\/revisions\/1216"}],"wp:attachment":[{"href":"https:\/\/cortebaruzzo.it\/de\/wp-json\/wp\/v2\/media?parent=880"}],"curies":[{"name":"wp","href":"https:\/\/api.w.org\/{rel}","templated":true}]}}