{"id":981,"date":"2025-09-12T09:04:09","date_gmt":"2025-09-12T07:04:09","guid":{"rendered":"https:\/\/cortebaruzzo.it\/die-geschichte\/"},"modified":"2025-10-10T13:45:19","modified_gmt":"2025-10-10T11:45:19","slug":"die-geschichte","status":"publish","type":"page","link":"https:\/\/cortebaruzzo.it\/de\/die-geschichte\/","title":{"rendered":"Die Geschichte"},"content":{"rendered":"\t\t<div data-elementor-type=\"wp-page\" data-elementor-id=\"981\" class=\"elementor elementor-981 elementor-183\" data-elementor-post-type=\"page\">\n\t\t\t\t<div class=\"elementor-element elementor-element-06794da e-flex e-con-boxed e-con e-parent\" data-id=\"06794da\" data-element_type=\"container\" data-settings=\"{&quot;background_background&quot;:&quot;classic&quot;}\">\n\t\t\t\t\t<div class=\"e-con-inner\">\n\t\t\t\t\t<\/div>\n\t\t\t\t<\/div>\n\t\t<div class=\"elementor-element elementor-element-bfc78a2 e-flex e-con-boxed e-con e-parent\" data-id=\"bfc78a2\" data-element_type=\"container\" data-settings=\"{&quot;background_background&quot;:&quot;classic&quot;}\">\n\t\t\t\t\t<div class=\"e-con-inner\">\n\t\t\t\t<div class=\"elementor-element elementor-element-8ee2f98 elementor-invisible elementor-widget elementor-widget-heading\" data-id=\"8ee2f98\" data-element_type=\"widget\" data-settings=\"{&quot;_animation&quot;:&quot;fadeIn&quot;,&quot;_animation_delay&quot;:200}\" data-widget_type=\"heading.default\">\n\t\t\t\t\t<h2 class=\"elementor-heading-title elementor-size-default\">Ein uralter Name,<br>innerhalb von Steinmauern,<br>zwischen zeitlosen H\u00fcgeln.<\/h2>\t\t\t\t<\/div>\n\t\t<div class=\"elementor-element elementor-element-f72a278 e-con-full e-flex e-con e-child\" data-id=\"f72a278\" data-element_type=\"container\">\n\t\t\t\t<div class=\"elementor-element elementor-element-689efc2 elementor-invisible elementor-widget elementor-widget-text-editor\" data-id=\"689efc2\" data-element_type=\"widget\" data-settings=\"{&quot;_animation&quot;:&quot;fadeIn&quot;,&quot;_animation_delay&quot;:400}\" data-widget_type=\"text-editor.default\">\n\t\t\t\t\t\t\t\t\t<p>Die Urspr\u00fcnge von Corte Baruzzo reichen bis ins 15. Jahrhundert zur\u00fcck, als es erstmals unter den Besitzt\u00fcmern der Familie Gonzaga in Volta Mantovana erw\u00e4hnt wurde.\u2028Ab dem 18.<\/p><p>Jahrhundert ist es als landwirtschaftliches Gut dokumentiert, eingebettet zwischen Zypressen und Eichen.\u2028Im 20. Jahrhundert umfasste das Anwesen mehr als 15 Hektar, umgeben von Mauern, an denen Kapern wachsen, und eingerahmt von Olivenb\u00e4umen. Der Komplex \u2013 bestehend aus Wohnhaus, Stall, Scheune, Arkaden und einem Taubenturm \u2013 wurde aus Mor\u00e4nenkieseln errichtet, mit Holzd\u00e4chern und antiken Gew\u00f6lben.\u2028<\/p><p>Heute erlebt Corte Baruzzo eine Wiedergeburt, die Erinnerung und Vision vereint: ein Ort, der seine l\u00e4ndliche Seele bewahrt und sich zugleich der Zukunft \u00f6ffnet \u2013 mit Eleganz und Authentizit\u00e4t.<\/p><p><br \/>In einem kostbaren Land, auf den Mor\u00e4nenh\u00fcgeln des Gardasees, ein Ort f\u00fcr unvergessliche Momente.\u2028Das Hotel Corte Baruzzo hei\u00dft Sie willkommen mit 16 Zimmern, gro\u00dfz\u00fcgigen Gemeinschaftsbereichen, einem ganzj\u00e4hrig ge\u00f6ffneten Pool und R\u00e4umen, die f\u00fcr Menschen geschaffen sind, die Sch\u00f6nheit, Ausgeglichenheit und Schlichtheit suchen.<\/p>\t\t\t\t\t\t\t\t<\/div>\n\t\t\t\t<\/div>\n\t\t\t\t\t<\/div>\n\t\t\t\t<\/div>\n\t\t<div class=\"elementor-element elementor-element-e4c996c e-flex e-con-boxed e-con e-parent\" data-id=\"e4c996c\" data-element_type=\"container\">\n\t\t\t\t\t<div class=\"e-con-inner\">\n\t\t\t\t<div class=\"elementor-element elementor-element-3a1ba58 elementor-invisible elementor-widget elementor-widget-heading\" data-id=\"3a1ba58\" data-element_type=\"widget\" data-settings=\"{&quot;_animation&quot;:&quot;fadeIn&quot;,&quot;_animation_delay&quot;:200}\" data-widget_type=\"heading.default\">\n\t\t\t\t\t<h2 class=\"elementor-heading-title elementor-size-default\">Die Restaurierung<\/h2>\t\t\t\t<\/div>\n\t\t\t\t\t<\/div>\n\t\t\t\t<\/div>\n\t\t<div class=\"elementor-element elementor-element-72ad3ab7 e-flex e-con-boxed e-con e-parent\" data-id=\"72ad3ab7\" data-element_type=\"container\">\n\t\t\t\t\t<div class=\"e-con-inner\">\n\t\t<div class=\"elementor-element elementor-element-29e0af4a e-con-full e-flex e-con e-child\" data-id=\"29e0af4a\" data-element_type=\"container\">\n\t\t\t\t<div class=\"elementor-element elementor-element-560322aa elementor-invisible elementor-widget elementor-widget-text-editor\" data-id=\"560322aa\" data-element_type=\"widget\" data-settings=\"{&quot;_animation&quot;:&quot;fadeIn&quot;,&quot;_animation_delay&quot;:400}\" data-widget_type=\"text-editor.default\">\n\t\t\t\t\t\t\t\t\t<p>Die Restaurierung von Corte Baruzzo entsprang dem Wunsch, die Seele dieses Landguts zu bewahren \u2013 ihm neues Leben zu schenken, ohne seine Erinnerung zu verraten. Stein, Kalk und wiederverwendete Ziegel und Dachziegel erz\u00e4hlen eine Geschichte der Kontinuit\u00e4t mit der Vergangenheit, w\u00e4hrend Holz wieder die B\u00f6den und D\u00e4cher tr\u00e4gt, so wie vor Jahrhunderten.\u2028<\/p><p>Einige unharmonische, neuere Erg\u00e4nzungen wurden entfernt, sodass die authentische Sch\u00f6nheit des Anwesens erneut zum Vorschein kommen konnte. Gleichzeitig sind Energieeffizienz und Nachhaltigkeit Teil dieser Wiedergeburt geworden: modernste Heiz- und K\u00fchlsysteme, Solarpaneele und eine Photovoltaikanlage gew\u00e4hrleisten den Respekt vor der Umwelt und einen bewussten Umgang mit Ressourcen.\u2028<\/p><p>Die R\u00e4ume des Hofes wurden als Orte der Begegnung und Besinnung neu interpretiert. Der Hof, Kieswege, Wiesen und Zypressenreihen begleiten den Eingang und bewahren das feine Gleichgewicht zwischen Natur und Architektur.\u2028Das alte Wohnhaus wurde in einladende Zimmer mit hellen Galerien verwandelt.<\/p>\t\t\t\t\t\t\t\t<\/div>\n\t\t\t\t<\/div>\n\t\t<div class=\"elementor-element elementor-element-055be44 e-con-full e-flex e-con e-child\" data-id=\"055be44\" data-element_type=\"container\">\n\t\t\t\t<div class=\"elementor-element elementor-element-99a507a elementor-invisible elementor-widget elementor-widget-text-editor\" data-id=\"99a507a\" data-element_type=\"widget\" data-settings=\"{&quot;_animation&quot;:&quot;fadeIn&quot;,&quot;_animation_delay&quot;:400}\" data-widget_type=\"text-editor.default\">\n\t\t\t\t\t\t\t\t\t<p>Der ehemalige Stall und die Scheune beherbergen nun Restaurantbereiche, eine Rezeption und gesellige R\u00e4ume. Der l\u00e4ndliche Turm, einst ein Taubenschlag, wurde zu einem intimen R\u00fcckzugsort mit Panoramablick.<\/p><p>Schlie\u00dflich vervollst\u00e4ndigt der neue Wellnessbereich \u2013 mit seinem Innen- und Au\u00dfenpool \u2013 das Erlebnis und schenkt den G\u00e4sten einen Ort des Friedens und der Regeneration.\u2028Heute ist Corte Baruzzo ein Ort, an dem Vergangenheit und Gegenwart ineinandergreifen, wo l\u00e4ndliche Tradition auf zeitgen\u00f6ssischen Komfort trifft \u2013 in einer zeitlosen Geschichte aus Stein, Holz und Licht.<\/p><p><br \/>Im zauberhaften Land der Mor\u00e4nenh\u00fcgel des Gardasees erwartet Sie das Hotel Corte Baruzzo als Oase f\u00fcr unvergessliche Erlebnisse. Sechzehn elegante Zimmer, einladende Gemeinschaftsbereiche und ein ganzj\u00e4hrig ge\u00f6ffneter Pool schaffen eine Atmosph\u00e4re voller Komfort und Gelassenheit. Jedes Detail ist f\u00fcr jene gestaltet, die nach Sch\u00f6nheit, Balance und Schlichtheit suchen \u2013 eine Einladung, langsamer zu werden, neu zu verbinden und die Essenz authentischer Gastfreundschaft zu genie\u00dfen.<\/p>\t\t\t\t\t\t\t\t<\/div>\n\t\t\t\t<\/div>\n\t\t\t\t\t<\/div>\n\t\t\t\t<\/div>\n\t\t<div class=\"elementor-element elementor-element-5ccd0f7 e-con-full e-flex e-con e-parent\" data-id=\"5ccd0f7\" data-element_type=\"container\">\n\t\t\t\t<div class=\"elementor-element elementor-element-207c0fb elementor-widget elementor-widget-image-carousel\" data-id=\"207c0fb\" data-element_type=\"widget\" data-settings=\"{&quot;navigation&quot;:&quot;none&quot;,&quot;autoplay&quot;:&quot;yes&quot;,&quot;pause_on_hover&quot;:&quot;yes&quot;,&quot;pause_on_interaction&quot;:&quot;yes&quot;,&quot;autoplay_speed&quot;:5000,&quot;infinite&quot;:&quot;yes&quot;,&quot;speed&quot;:500}\" data-widget_type=\"image-carousel.default\">\n\t\t\t\t\t\t\t<div class=\"elementor-image-carousel-wrapper swiper\" role=\"region\" aria-roledescription=\"carousel\" aria-label=\"Carosello d&#039;immagini\" dir=\"ltr\">\n\t\t\t<div class=\"elementor-image-carousel swiper-wrapper\" aria-live=\"off\">\n\t\t\t\t\t\t\t\t<div class=\"swiper-slide\" role=\"group\" aria-roledescription=\"slide\" aria-label=\"1 von 3\"><figure class=\"swiper-slide-inner\"><img decoding=\"async\" class=\"swiper-slide-image\" src=\"https:\/\/cortebaruzzo.it\/wp-content\/uploads\/2025\/09\/Cantiere-Corte-baruzzo-1.jpeg\" alt=\"Baustelle Corte Baruzzo 1\" \/><\/figure><\/div><div class=\"swiper-slide\" role=\"group\" aria-roledescription=\"slide\" aria-label=\"2 von 3\"><figure class=\"swiper-slide-inner\"><img decoding=\"async\" class=\"swiper-slide-image\" src=\"https:\/\/cortebaruzzo.it\/wp-content\/uploads\/2025\/09\/Cantiere-Corte-baruzzo-2.jpeg\" alt=\"Baustelle Corte Baruzzo 2\" \/><\/figure><\/div><div class=\"swiper-slide\" role=\"group\" aria-roledescription=\"slide\" aria-label=\"3 von 3\"><figure class=\"swiper-slide-inner\"><img decoding=\"async\" class=\"swiper-slide-image\" src=\"https:\/\/cortebaruzzo.it\/wp-content\/uploads\/2025\/09\/Cantiere-Corte-baruzzo-3.jpg\" alt=\"Baustelle Corte Baruzzo 3\" \/><\/figure><\/div>\t\t\t<\/div>\n\t\t\t\t\t\t\t\n\t\t\t\t\t\t\t\t\t<\/div>\n\t\t\t\t\t\t<\/div>\n\t\t\t\t<\/div>\n\t\t\t\t<\/div>\n\t\t","protected":false},"excerpt":{"rendered":"<p>Ein uralter Name,innerhalb von Steinmauern,zwischen zeitlosen H\u00fcgeln. Die Urspr\u00fcnge von Corte Baruzzo reichen bis ins 15. Jahrhundert zur\u00fcck, als es erstmals unter den Besitzt\u00fcmern der Familie Gonzaga in Volta Mantovana erw\u00e4hnt wurde.\u2028Ab dem 18. Jahrhundert ist es als landwirtschaftliches Gut dokumentiert, eingebettet zwischen Zypressen und Eichen.\u2028Im 20. Jahrhundert umfasste das Anwesen mehr als 15 Hektar, [&hellip;]<\/p>\n","protected":false},"author":1,"featured_media":0,"parent":0,"menu_order":0,"comment_status":"closed","ping_status":"closed","template":"","meta":{"footnotes":""},"class_list":["post-981","page","type-page","status-publish","hentry"],"_links":{"self":[{"href":"https:\/\/cortebaruzzo.it\/de\/wp-json\/wp\/v2\/pages\/981","targetHints":{"allow":["GET"]}}],"collection":[{"href":"https:\/\/cortebaruzzo.it\/de\/wp-json\/wp\/v2\/pages"}],"about":[{"href":"https:\/\/cortebaruzzo.it\/de\/wp-json\/wp\/v2\/types\/page"}],"author":[{"embeddable":true,"href":"https:\/\/cortebaruzzo.it\/de\/wp-json\/wp\/v2\/users\/1"}],"replies":[{"embeddable":true,"href":"https:\/\/cortebaruzzo.it\/de\/wp-json\/wp\/v2\/comments?post=981"}],"version-history":[{"count":4,"href":"https:\/\/cortebaruzzo.it\/de\/wp-json\/wp\/v2\/pages\/981\/revisions"}],"predecessor-version":[{"id":1234,"href":"https:\/\/cortebaruzzo.it\/de\/wp-json\/wp\/v2\/pages\/981\/revisions\/1234"}],"wp:attachment":[{"href":"https:\/\/cortebaruzzo.it\/de\/wp-json\/wp\/v2\/media?parent=981"}],"curies":[{"name":"wp","href":"https:\/\/api.w.org\/{rel}","templated":true}]}}